{"id":1428,"date":"2024-07-29T15:06:24","date_gmt":"2024-07-29T18:06:24","guid":{"rendered":"https:\/\/retificaracaju.com\/site\/?page_id=1428"},"modified":"2024-07-29T15:14:24","modified_gmt":"2024-07-29T18:14:24","slug":"politica-de-privacidade","status":"publish","type":"page","link":"https:\/\/retificaracaju.com\/site\/politica-de-privacidade\/","title":{"rendered":"Pol\u00edtica de Privacidade"},"content":{"rendered":"\t\t<div data-elementor-type=\"wp-page\" data-elementor-id=\"1428\" class=\"elementor elementor-1428\" data-elementor-post-type=\"page\">\n\t\t\t\t<div class=\"elementor-element elementor-element-032c98d e-flex e-con-boxed e-con e-parent\" data-id=\"032c98d\" data-element_type=\"container\">\n\t\t\t\t\t<div class=\"e-con-inner\">\n\t\t\t\t<div class=\"elementor-element elementor-element-7099b0d elementor-widget elementor-widget-heading\" data-id=\"7099b0d\" data-element_type=\"widget\" data-widget_type=\"heading.default\">\n\t\t\t\t<div class=\"elementor-widget-container\">\n\t\t\t<style>\/*! elementor - v3.21.0 - 26-05-2024 *\/\n.elementor-heading-title{padding:0;margin:0;line-height:1}.elementor-widget-heading .elementor-heading-title[class*=elementor-size-]>a{color:inherit;font-size:inherit;line-height:inherit}.elementor-widget-heading .elementor-heading-title.elementor-size-small{font-size:15px}.elementor-widget-heading .elementor-heading-title.elementor-size-medium{font-size:19px}.elementor-widget-heading .elementor-heading-title.elementor-size-large{font-size:29px}.elementor-widget-heading .elementor-heading-title.elementor-size-xl{font-size:39px}.elementor-widget-heading .elementor-heading-title.elementor-size-xxl{font-size:59px}<\/style><h2 class=\"elementor-heading-title elementor-size-default\">Pol\u00edtica de privacidade<\/h2>\t\t<\/div>\n\t\t\t\t<\/div>\n\t\t\t\t<div class=\"elementor-element elementor-element-2eb44b9 elementor-widget elementor-widget-text-editor\" data-id=\"2eb44b9\" data-element_type=\"widget\" data-widget_type=\"text-editor.default\">\n\t\t\t\t<div class=\"elementor-widget-container\">\n\t\t\t<style>\/*! elementor - v3.21.0 - 26-05-2024 *\/\n.elementor-widget-text-editor.elementor-drop-cap-view-stacked .elementor-drop-cap{background-color:#69727d;color:#fff}.elementor-widget-text-editor.elementor-drop-cap-view-framed .elementor-drop-cap{color:#69727d;border:3px solid;background-color:transparent}.elementor-widget-text-editor:not(.elementor-drop-cap-view-default) .elementor-drop-cap{margin-top:8px}.elementor-widget-text-editor:not(.elementor-drop-cap-view-default) .elementor-drop-cap-letter{width:1em;height:1em}.elementor-widget-text-editor .elementor-drop-cap{float:left;text-align:center;line-height:1;font-size:50px}.elementor-widget-text-editor .elementor-drop-cap-letter{display:inline-block}<\/style>\t\t\t\t<p><strong style=\"text-align: var(--text-align); font-weight: bold; margin: 0px; padding: 0px; border: 0px; font-size: 20px; color: #666666; font-family: Abel, sans-serif;\">Para uma melhor experi\u00eancia dos usu\u00e1rios do site<\/strong><span style=\"font-weight: var( --e-global-typography-text-font-weight ); text-align: var(--text-align); color: #666666; font-family: Abel, sans-serif; font-size: 20px;\"> coletamos e utilizamos alguns dados pessoais pertencentes aos usu\u00e1rios do nosso site. Ao faz\u00ea-lo, agimos na qualidade de controlador desses dados e estamos sujeitos \u00e0s disposi\u00e7\u00f5es da<\/span><a style=\"font-weight: var( --e-global-typography-text-font-weight ); text-align: var(--text-align); color: #6ec1e5; margin: 0px; padding: 0px; border: 0px; font-size: 20px; font-family: Abel, sans-serif;\" href=\"https:\/\/pt.wikipedia.org\/wiki\/Lei_Geral_de_Prote%C3%A7%C3%A3o_de_Dados_Pessoais\" target=\"_blank\" rel=\"noopener\">Lei Federal n. 13.709\/2018 (Lei Geral de Prote\u00e7\u00e3o de Dados Pessoais &#8211; LGPD<\/a><\/p>\n<p><br style=\"color: #666666; font-family: Abel, sans-serif; font-size: 20px;\"><strong style=\"font-weight: bold; margin: 0px; padding: 0px; border: 0px; font-size: 20px; color: #666666; font-family: Abel, sans-serif;\">Dados que coletamos e motivos da coleta:<\/strong><br style=\"color: #666666; font-family: Abel, sans-serif; font-size: 20px;\"><br style=\"color: #666666; font-family: Abel, sans-serif; font-size: 20px;\"><span style=\"color: #666666; font-family: Abel, sans-serif; font-size: 20px;\">Os seguintes dados pessoais: Nome, E-mail e Telefone, s\u00e3o coletados somente quando nossos usu\u00e1rios nos fornecem na solicita\u00e7\u00e3o de contato e de or\u00e7amentos via formul\u00e1rios no site. Esses dados fornecidos por nossos usu\u00e1rios s\u00e3o coletados para que possamos retornar o contato ao usu\u00e1rio que solicitou, seja para or\u00e7amento, d\u00favidas ou suporte.<\/span><br style=\"color: #666666; font-family: Abel, sans-serif; font-size: 20px;\"><span style=\"color: #666666; font-family: Abel, sans-serif; font-size: 20px;\">Tamb\u00e9m ao acessar o site e navegar nas p\u00e1ginas, informamos que coletamos dados de analytics (informa\u00e7\u00f5es, m\u00e9tricas, estat\u00edsticas), atrav\u00e9s do Google Analytics, Google Ads, e Facebook ADS, mas que s\u00e3o anonimizados, ou seja, n\u00e3o s\u00e3o capazes de identificar voc\u00ea.<\/span><br style=\"color: #666666; font-family: Abel, sans-serif; font-size: 20px;\"><span style=\"color: #666666; font-family: Abel, sans-serif; font-size: 20px;\">Esses dados ser\u00e3o utilizados apenas para que nossa equipe possa entender como o site t\u00eam sido utilizado pela coletividade dos usu\u00e1rios e compreendem informa\u00e7\u00f5es como: atividades do visitante em nosso site e data\/hor\u00e1rio de execu\u00e7\u00e3o, dados de localiza\u00e7\u00e3o, navegador, dispositivo de acesso, sistema operacional, faixa et\u00e1ria, sexo, sem que seja poss\u00edvel a identifica\u00e7\u00e3o individual.<\/span><br style=\"color: #666666; font-family: Abel, sans-serif; font-size: 20px;\"><span style=\"color: #666666; font-family: Abel, sans-serif; font-size: 20px;\">N\u00e3o ser\u00e3o coletados dados sens\u00edveis de nossos usu\u00e1rios, assim entendidos aqueles definidos nos arts. 11 e seguintes da Lei de Prote\u00e7\u00e3o de Dados Pessoais. Assim, n\u00e3o haver\u00e1 coleta de dados sobre origem racial ou \u00e9tnica, convic\u00e7\u00e3o religiosa, opini\u00e3o pol\u00edtica, filia\u00e7\u00e3o a sindicato ou a organiza\u00e7\u00e3o de car\u00e1ter religioso, filos\u00f3fico ou pol\u00edtico, dado referente \u00e0 sa\u00fade ou \u00e0 vida sexual, dado gen\u00e9tico ou biom\u00e9trico, quando vinculado a uma pessoa natural.<\/span><br style=\"color: #666666; font-family: Abel, sans-serif; font-size: 20px;\"><br style=\"color: #666666; font-family: Abel, sans-serif; font-size: 20px;\"><strong style=\"font-weight: bold; margin: 0px; padding: 0px; border: 0px; font-size: 20px; color: #666666; font-family: Abel, sans-serif;\">O que s\u00e3o Cookies:<\/strong><br style=\"color: #666666; font-family: Abel, sans-serif; font-size: 20px;\"><br style=\"color: #666666; font-family: Abel, sans-serif; font-size: 20px;\"><span style=\"color: #666666; font-family: Abel, sans-serif; font-size: 20px;\">Cookies s\u00e3o pequenos arquivos de texto baixados automaticamente em seu dispositivo quando voc\u00ea acessa e navega por um site. Eles servem, basicamente, para seja poss\u00edvel identificar dispositivos, atividades e prefer\u00eancias de usu\u00e1rios. Os cookies n\u00e3o permitem que qualquer arquivo ou informa\u00e7\u00e3o sejam extra\u00eddos do disco r\u00edgido do usu\u00e1rio, n\u00e3o sendo poss\u00edvel, ainda, que, por meio deles, se tenha acesso a informa\u00e7\u00f5es pessoais que n\u00e3o tenham partido do usu\u00e1rio ou da forma como utiliza os recursos do site.<\/span><br style=\"color: #666666; font-family: Abel, sans-serif; font-size: 20px;\"><br style=\"color: #666666; font-family: Abel, sans-serif; font-size: 20px;\"><strong style=\"font-weight: bold; margin: 0px; padding: 0px; border: 0px; font-size: 20px; color: #666666; font-family: Abel, sans-serif;\">Gest\u00e3o de cookies:<\/strong><br style=\"color: #666666; font-family: Abel, sans-serif; font-size: 20px;\"><br style=\"color: #666666; font-family: Abel, sans-serif; font-size: 20px;\"><span style=\"color: #666666; font-family: Abel, sans-serif; font-size: 20px;\">O usu\u00e1rio poder\u00e1 se opor ao registro de cookies pelo site, bastando que desative esta op\u00e7\u00e3o no seu pr\u00f3prio navegador. Mais informa\u00e7\u00f5es sobre como fazer isso em alguns dos principais navegadores utilizados hoje podem ser acessadas a partir dos seguintes links:<\/span><br style=\"color: #666666; font-family: Abel, sans-serif; font-size: 20px;\"><br style=\"color: #666666; font-family: Abel, sans-serif; font-size: 20px;\"><a style=\"color: #6ec1e5; margin: 0px; padding: 0px; border: 0px; font-size: 20px; font-family: Abel, sans-serif;\" href=\"https:\/\/support.google.com\/chrome\/answer\/95647?hl=pt-BR&amp;hlrm=pt\" target=\"_blank\" rel=\"noopener\">Google Chrome<\/a><br style=\"color: #666666; font-family: Abel, sans-serif; font-size: 20px;\"><a style=\"color: #6ec1e5; margin: 0px; padding: 0px; border: 0px; font-size: 20px; font-family: Abel, sans-serif;\" href=\"https:\/\/support.apple.com\/pt-br\/guide\/safari\/sfri11471\/mac\" target=\"_blank\" rel=\"noopener\">Safari<\/a><br style=\"color: #666666; font-family: Abel, sans-serif; font-size: 20px;\"><a style=\"color: #6ec1e5; margin: 0px; padding: 0px; border: 0px; font-size: 20px; font-family: Abel, sans-serif;\" href=\"https:\/\/support.microsoft.com\/pt-br\/help\/17442\/windows-internet-explorer-delete-manage-cookies\" target=\"_blank\" rel=\"noopener\">Internet Explorer<\/a><br style=\"color: #666666; font-family: Abel, sans-serif; font-size: 20px;\"><a style=\"color: #6ec1e5; margin: 0px; padding: 0px; border: 0px; font-size: 20px; font-family: Abel, sans-serif;\" href=\"https:\/\/support.mozilla.org\/pt-BR\/kb\/ative-e-desative-os-cookies-que-os-sites-usam\" target=\"_blank\" rel=\"noopener\">Mozila Firefox<\/a><br style=\"color: #666666; font-family: Abel, sans-serif; font-size: 20px;\"><a style=\"color: #6ec1e5; margin: 0px; padding: 0px; border: 0px; font-size: 20px; font-family: Abel, sans-serif;\" href=\"https:\/\/www.opera.com\/help\/tutorials\/security\/privacy\/\" target=\"_blank\" rel=\"noopener\">Opera<\/a><br style=\"color: #666666; font-family: Abel, sans-serif; font-size: 20px;\"><br style=\"color: #666666; font-family: Abel, sans-serif; font-size: 20px;\"><\/p>\n<p><span style=\"color: #666666; font-family: Abel, sans-serif; font-size: 20px; font-weight: var( --e-global-typography-text-font-weight ); text-align: var(--text-align);\">A desativa\u00e7\u00e3o dos cookies, no entanto, pode afetar a disponibilidade de algumas ferramentas e funcionalidades do site, comprometendo seu correto e esperado funcionamento. Outra consequ\u00eancia poss\u00edvel \u00e9 remo\u00e7\u00e3o das prefer\u00eancias do usu\u00e1rio que eventualmente tiverem sido salvas, prejudicando sua experi\u00eancia.<\/span><\/p>\t\t\t\t\t\t<\/div>\n\t\t\t\t<\/div>\n\t\t\t\t\t<\/div>\n\t\t\t\t<\/div>\n\t\t\t\t<\/div>\n\t\t","protected":false},"excerpt":{"rendered":"<p>Pol\u00edtica de privacidade Para uma melhor experi\u00eancia dos usu\u00e1rios do site coletamos e utilizamos alguns dados pessoais pertencentes aos usu\u00e1rios do nosso site. Ao faz\u00ea-lo, agimos na qualidade de controlador desses dados e estamos sujeitos \u00e0s disposi\u00e7\u00f5es daLei Federal n. 13.709\/2018 (Lei Geral de Prote\u00e7\u00e3o de Dados Pessoais &#8211; LGPD Dados que coletamos e motivos [&hellip;]<\/p>\n","protected":false},"author":1,"featured_media":0,"parent":0,"menu_order":0,"comment_status":"closed","ping_status":"closed","template":"","meta":{"footnotes":""},"class_list":["post-1428","page","type-page","status-publish","hentry"],"_links":{"self":[{"href":"https:\/\/retificaracaju.com\/site\/wp-json\/wp\/v2\/pages\/1428","targetHints":{"allow":["GET"]}}],"collection":[{"href":"https:\/\/retificaracaju.com\/site\/wp-json\/wp\/v2\/pages"}],"about":[{"href":"https:\/\/retificaracaju.com\/site\/wp-json\/wp\/v2\/types\/page"}],"author":[{"embeddable":true,"href":"https:\/\/retificaracaju.com\/site\/wp-json\/wp\/v2\/users\/1"}],"replies":[{"embeddable":true,"href":"https:\/\/retificaracaju.com\/site\/wp-json\/wp\/v2\/comments?post=1428"}],"version-history":[{"count":13,"href":"https:\/\/retificaracaju.com\/site\/wp-json\/wp\/v2\/pages\/1428\/revisions"}],"predecessor-version":[{"id":1442,"href":"https:\/\/retificaracaju.com\/site\/wp-json\/wp\/v2\/pages\/1428\/revisions\/1442"}],"wp:attachment":[{"href":"https:\/\/retificaracaju.com\/site\/wp-json\/wp\/v2\/media?parent=1428"}],"curies":[{"name":"wp","href":"https:\/\/api.w.org\/{rel}","templated":true}]}}